{"id":24550,"date":"2020-04-06T13:28:22","date_gmt":"2020-04-06T13:28:22","guid":{"rendered":"https:\/\/x555.pl\/?page_id=24550"},"modified":"2025-10-22T08:25:43","modified_gmt":"2025-10-22T08:25:43","slug":"kontakt-z-nami","status":"publish","type":"page","link":"https:\/\/x555.pl\/?page_id=24550","title":{"rendered":"Kontakt \u2014 Bezp\u0142atne wsparcie x555"},"content":{"rendered":"<p>Potrzebuj\u0105 Pa\u0144stwo pomocy przy instalacji sterownika lub oprogramowania? Prosimy o przes\u0142anie szczeg\u00f3\u0142\u00f3w \u2014 odpowiemy bezp\u0142atnie i wska\u017cemy bezpieczne, oficjalne odno\u015bniki.<\/p>\n<p>Im precyzyjniej opisz\u0105 Pa\u0144stwo sytuacj\u0119, tym szybciej zaproponujemy skuteczne rozwi\u0105zanie.<\/p>\n<p>Prosimy zawrze\u0107 w wiadomo\u015bci:<\/p>\n<ul>\n<li>Model urz\u0105dzenia (pe\u0142na nazwa\/seria).<\/li>\n<li>System operacyjny i wersja (np. Windows 11 64-bit \/ macOS).<\/li>\n<li>Kr\u00f3tki opis problemu (b\u0142\u0105d instalacji, brak drukowania\/skanowania, link nie dzia\u0142a).<\/li>\n<li>(Opcjonalnie) link do strony producenta, na kt\u00f3rej szukali Pa\u0144stwo sterownika.<\/li>\n<\/ul>\n<p>Ka\u017cd\u0105 wiadomo\u015b\u0107 analizujemy indywidualnie; odsy\u0142amy jasne kroki lub link do w\u0142a\u015bciwego pakietu producenta.<\/p>\n<p><script type=\"application\/ld+json\">\n{\n  \"@context\":\"https:\/\/schema.org\",\n  \"@type\":\"ContactPage\",\n  \"url\":\"https:\/\/x555.pl\/?page_id=24550\",\n  \"mainEntityOfPage\":{\"@id\":\"https:\/\/x555.pl\/?page_id=24550\"},\n  \"headline\":\"Kontakt \u2014 Bezp\u0142atne wsparcie x555\",\n  \"inLanguage\":\"pl\",\n  \"dateModified\":\"2025-10-22\",\n  \"isPartOf\":{\"@type\":\"WebSite\",\"@id\":\"https:\/\/x555.pl\"},\n  \"publisher\":{\n    \"@type\":\"Organization\",\n    \"name\":\"x555\",\n    \"logo\":{\"@type\":\"ImageObject\",\"url\":\"https:\/\/x555.pl\/wp-content\/uploads\/2023\/11\/x555.pl-Oprogramowanie.webp\"}\n  }\n}\n<\/script><\/p>\n<div class=\"social-share-buttons\"><a href=\"https:\/\/www.facebook.com\/sharer\/sharer.php?u=https:\/\/x555.pl\/?page_id=24550\" target=\"_blank\" rel=\"noopener\">Facebook<\/a><a href=\"https:\/\/twitter.com\/intent\/tweet?url=https:\/\/x555.pl\/?page_id=24550&text=Kontakt+%E2%80%94+Bezp%C5%82atne+wsparcie+x555\" target=\"_blank\" rel=\"noopener\">Twitter<\/a><a href=\"https:\/\/www.linkedin.com\/shareArticle?url=https:\/\/x555.pl\/?page_id=24550&title=Kontakt+%E2%80%94+Bezp%C5%82atne+wsparcie+x555\" target=\"_blank\" rel=\"noopener\">LinkedIn<\/a><a href=\"https:\/\/pinterest.com\/pin\/create\/button\/?url=https:\/\/x555.pl\/?page_id=24550&description=Kontakt+%E2%80%94+Bezp%C5%82atne+wsparcie+x555\" target=\"_blank\" rel=\"noopener\">Pinterest<\/a><\/div>","protected":false},"excerpt":{"rendered":"<p>Potrzebuj\u0105 Pa\u0144stwo pomocy przy instalacji sterownika lub oprogramowania? Prosimy o przes\u0142anie szczeg\u00f3\u0142\u00f3w \u2014 odpowiemy bezp\u0142atnie i wska\u017cemy bezpieczne, oficjalne odno\u015bniki. Im precyzyjniej opisz\u0105 Pa\u0144stwo sytuacj\u0119, tym szybciej zaproponujemy skuteczne rozwi\u0105zanie. Prosimy zawrze\u0107 w wiadomo\u015bci: Model urz\u0105dzenia (pe\u0142na nazwa\/seria). System operacyjny&hellip;<\/p>\n<p class=\"more-link-p\"><a class=\"more-link\" href=\"https:\/\/x555.pl\/?page_id=24550\">Read more &rarr;<\/a><\/p>\n","protected":false},"author":1,"featured_media":0,"parent":0,"menu_order":0,"comment_status":"open","ping_status":"closed","template":"","meta":{"_lmt_disableupdate":"no","_lmt_disable":"","footnotes":""},"class_list":["post-24550","page","type-page","status-publish","hentry"],"_links":{"self":[{"href":"https:\/\/x555.pl\/index.php?rest_route=\/wp\/v2\/pages\/24550","targetHints":{"allow":["GET"]}}],"collection":[{"href":"https:\/\/x555.pl\/index.php?rest_route=\/wp\/v2\/pages"}],"about":[{"href":"https:\/\/x555.pl\/index.php?rest_route=\/wp\/v2\/types\/page"}],"author":[{"embeddable":true,"href":"https:\/\/x555.pl\/index.php?rest_route=\/wp\/v2\/users\/1"}],"replies":[{"embeddable":true,"href":"https:\/\/x555.pl\/index.php?rest_route=%2Fwp%2Fv2%2Fcomments&post=24550"}],"version-history":[{"count":3,"href":"https:\/\/x555.pl\/index.php?rest_route=\/wp\/v2\/pages\/24550\/revisions"}],"predecessor-version":[{"id":76203,"href":"https:\/\/x555.pl\/index.php?rest_route=\/wp\/v2\/pages\/24550\/revisions\/76203"}],"wp:attachment":[{"href":"https:\/\/x555.pl\/index.php?rest_route=%2Fwp%2Fv2%2Fmedia&parent=24550"}],"curies":[{"name":"wp","href":"https:\/\/api.w.org\/{rel}","templated":true}]}}